{"id":3,"date":"2023-06-18T02:40:45","date_gmt":"2023-06-18T02:40:45","guid":{"rendered":"https:\/\/algonquinmoulding.com\/?page_id=3"},"modified":"2023-10-17T22:20:54","modified_gmt":"2023-10-18T02:20:54","slug":"politique-de-confidentialite","status":"publish","type":"page","link":"https:\/\/algonquinmoulding.com\/en\/politique-de-confidentialite\/","title":{"rendered":"Confidentiality Policy"},"content":{"rendered":"<h2 class=\"wp-block-heading\" id=\"introduction\" data-block-type=\"core\">Introduction<\/h2>\n\n\n\n<p>In view of the constant development of new communication tools, it is crucial to pay special attention to the protection of privacy. We are therefore committed to respecting the confidentiality of the personal information that we collect.<\/p>\n\n\n\n<h2 class=\"wp-block-heading\" id=\"collecte-des-renseignements-personnels\" data-block-type=\"core\">Collection of personal information<\/h2>\n\n\n\n<p>The personal information we collect is gathered by means of interactivity between you and our website. As indicated in the following section, we also use cookies and\/or log files to collect information about you.<\/p>\n\n\n\n<h2 class=\"wp-block-heading\" id=\"fichiers-journaux-et-temoins\" data-block-type=\"core\">Log files and cookies<\/h2>\n\n\n\n<p>We collect certain information through log files and cookies. This information includes, in particular, the following:<br>\u2022\tIP address<br>\u2022\tOperating system<br>\u2022\tPages visited and queries<br>\u2022\tDate and time of visit<br>The use of such files helps us:<br>\u2022\tImprove service and personalized greetings<br>\u2022\tStatistics<\/p>\n\n\n\n<h2 class=\"wp-block-heading\" id=\"introduction\" data-block-type=\"core\">Right of opposition and deletion<\/h2>\n\n\n\n<p>We are committed to providing you the right of opposition and deletion of your personal information.<br>The right of opposition is the option offered to web users to refuse that their personal information is used to certain purposes mentioned at the time the information is collected.<br>The right of deletion is the option offered to web users to request that their personal information no longer appears, for example, on a mailing list.<br>To exercise these rights, contact us at:<br>Email: info@algonquinmoulding.com<br>Telephone: 450 435-1320<br>Website section: https:\/\/algonquinmoulding.com<\/p>\n\n\n\n<h2 class=\"wp-block-heading\" id=\"collecte-des-renseignements-personnels\" data-block-type=\"core\">Access right<\/h2>\n\n\n\n<p>We are committed to providing access and rectification rights to those who wish to access, modify, or remove personal information that concerns them.<br>To exercise these rights, contact:<br>Email: info@algonquinmoulding.com<br>Telephone: 450 435-1320<br>Website section: https:\/\/algonquinmoulding.com<\/p>\n\n\n\n<h2 class=\"wp-block-heading\" id=\"securite\" data-block-type=\"core\">Security<\/h2>\n\n\n\n<p>The personal information we collect is stored in a secure environment. Anyone who works for us is required to respect the confidentiality of your information.<br>To ensure the security of your personal information, we use the following measures:<br>\u2022\tSSL protocol (Secure Sockets Layer)<br>\u2022\tAccess management \u2013 authorized persons<br>\u2022\tNetwork surveillance software<br>\u2022\tData backup<br>\u2022\tUsername\/password<br>\u2022\tFirewalls<br>We are committed to maintaining the highest degree of confidentiality by integrating the latest technology in order to guarantee the confidentiality of your transactions. However, as no mechanism offers maximal security, there is some degree of risk is associated with the use of Internet for the transmission of personal information.<\/p>","protected":false},"excerpt":{"rendered":"<p>Introduction Devant le d\u00e9veloppement des nouveaux outils de communication, il est n\u00e9cessaire de porter une attention particuli\u00e8re \u00e0 la protection de la vie priv\u00e9e. C\u2019est pourquoi, nous nous engageons \u00e0 respecter la confidentialit\u00e9 des renseignements personnels que nous collectons. Collecte des renseignements personnels Les renseignements personnels que nous collectons sont recueillis au travers de l\u2019interactivit\u00e9 &hellip; <\/p>\n<p class=\"link-more\"><a href=\"https:\/\/algonquinmoulding.com\/en\/politique-de-confidentialite\/\" class=\"more-link\">Read more<span class=\"screen-reader-text\"> \u00ab\u00a0Politique de confidentialit\u00e9\u00a0\u00bb<\/span><\/a><\/p>","protected":false},"author":1,"featured_media":0,"parent":0,"menu_order":0,"comment_status":"closed","ping_status":"open","template":"","meta":{"_gspb_post_css":"","om_disable_all_campaigns":false,"_monsterinsights_skip_tracking":false,"_monsterinsights_sitenote_active":false,"_monsterinsights_sitenote_note":"","_monsterinsights_sitenote_category":0,"_vp_format_video_url":"","_vp_image_focal_point":[],"inspiro_hide_title":false,"footnotes":""},"class_list":["post-3","page","type-page","status-publish","hentry"],"aioseo_notices":[],"_links":{"self":[{"href":"https:\/\/algonquinmoulding.com\/en\/wp-json\/wp\/v2\/pages\/3","targetHints":{"allow":["GET"]}}],"collection":[{"href":"https:\/\/algonquinmoulding.com\/en\/wp-json\/wp\/v2\/pages"}],"about":[{"href":"https:\/\/algonquinmoulding.com\/en\/wp-json\/wp\/v2\/types\/page"}],"author":[{"embeddable":true,"href":"https:\/\/algonquinmoulding.com\/en\/wp-json\/wp\/v2\/users\/1"}],"replies":[{"embeddable":true,"href":"https:\/\/algonquinmoulding.com\/en\/wp-json\/wp\/v2\/comments?post=3"}],"version-history":[{"count":1,"href":"https:\/\/algonquinmoulding.com\/en\/wp-json\/wp\/v2\/pages\/3\/revisions"}],"predecessor-version":[{"id":7503,"href":"https:\/\/algonquinmoulding.com\/en\/wp-json\/wp\/v2\/pages\/3\/revisions\/7503"}],"wp:attachment":[{"href":"https:\/\/algonquinmoulding.com\/en\/wp-json\/wp\/v2\/media?parent=3"}],"curies":[{"name":"wp","href":"https:\/\/api.w.org\/{rel}","templated":true}]}}